{"id":40390,"date":"2021-12-22T11:48:40","date_gmt":"2021-12-22T10:48:40","guid":{"rendered":"http:\/\/new.ceres.fr\/vso\/?page_id=40390"},"modified":"2024-03-18T15:04:14","modified_gmt":"2024-03-18T14:04:14","slug":"conditions-de-vente-vso","status":"publish","type":"page","link":"https:\/\/ceres.fr\/vso\/conditions-de-vente-vso\/","title":{"rendered":"Conditions de vente &#8211; VSO"},"content":{"rendered":"\t\t<div data-elementor-type=\"wp-page\" data-elementor-id=\"40390\" class=\"elementor elementor-40390\" data-elementor-post-type=\"page\">\n\t\t\t\t\t\t<section class=\"elementor-section elementor-top-section elementor-element elementor-element-80696e6 elementor-section-boxed elementor-section-height-default elementor-section-height-default\" data-id=\"80696e6\" data-element_type=\"section\">\n\t\t\t\t\t\t<div class=\"elementor-container elementor-column-gap-default\">\n\t\t\t\t\t<div class=\"elementor-column elementor-col-100 elementor-top-column elementor-element elementor-element-004b579\" data-id=\"004b579\" data-element_type=\"column\">\n\t\t\t<div class=\"elementor-widget-wrap elementor-element-populated\">\n\t\t\t\t\t\t<div class=\"elementor-element elementor-element-4aebea5 elementor-widget elementor-widget-text-editor\" data-id=\"4aebea5\" data-element_type=\"widget\" data-widget_type=\"text-editor.default\">\n\t\t\t\t<div class=\"elementor-widget-container\">\n\t\t\t<style>\/*! elementor - v3.21.0 - 25-04-2024 *\/\n.elementor-widget-text-editor.elementor-drop-cap-view-stacked .elementor-drop-cap{background-color:#69727d;color:#fff}.elementor-widget-text-editor.elementor-drop-cap-view-framed .elementor-drop-cap{color:#69727d;border:3px solid;background-color:transparent}.elementor-widget-text-editor:not(.elementor-drop-cap-view-default) .elementor-drop-cap{margin-top:8px}.elementor-widget-text-editor:not(.elementor-drop-cap-view-default) .elementor-drop-cap-letter{width:1em;height:1em}.elementor-widget-text-editor .elementor-drop-cap{float:left;text-align:center;line-height:1;font-size:50px}.elementor-widget-text-editor .elementor-drop-cap-letter{display:inline-block}<\/style>\t\t\t\t<p><b>CONDITIONS DE VENTE <\/b><br \/><b>M\u00c9CANISME ET CONDITIONS DE LA VENTE SUR OFFRES<\/b><\/p><p><span style=\"text-decoration: underline\">&#8211; Le lot est attribu\u00e9 \u00e0 l\u2019offre la plus \u00e9lev\u00e9e<\/span><\/p><p>&#8211; Le prix d\u2019attribution est \u00e9tabli en prenant comme base l\u2019offre venant imm\u00e9diatement apr\u00e8s l\u2019offre la plus \u00e9lev\u00e9e et en le majorant de 5% (en arrondissant \u00e0 1 \u20ac le plus proche).<br \/>Exemple : pour un m\u00eame lot, nous enregistrons trois offres : 200, 235 et 250 \u20ac. Le lot sera attribu\u00e9 \u00e0 235 \u20ac + 5% soit 247 \u20ac \u00e0 la personne ayant offert 250 \u20ac. Au cas o\u00f9 la diff\u00e9rence entre les deux offres les plus \u00e9lev\u00e9es est de moins de 5%, le prix est celui de l\u2019offre la plus \u00e9lev\u00e9e. En cas d\u2019offre unique, le calcul des 5% s\u2019effectue par rapport au prix minimal.<\/p><p>&#8211; En cas d\u2019offres \u00e9gales, le lot sera attribu\u00e9 \u00e0 ce prix \u00e0 la premi\u00e8re offre re\u00e7ue.<\/p><p>&#8211; L\u2019ACQU\u00c9REUR NE PAIE AUCUN FRAIS (EN DEHORS DU FORFAIT EXP\u00c9DITION) EN PLUS DU PRIX D\u2019ATTRIBUTION OU DU PRIX MINIMAL POUR LES INVENDUS.<\/p><p>&#8211; Les Offres doivent \u00eatre exprim\u00e9es en \u20ac sans centimes.<\/p><p>&#8211; Les Offres avec budget limit\u00e9 sont trait\u00e9es dans l&#8217;ordre des num\u00e9ros de lot. Si vous avez des priorit\u00e9s parmi les lots soumissionn\u00e9s, il faut nous l&#8217;indiquer clairement.<\/p><p>&#8211; Nous prions les personnes qui ne sont pas d\u00e9j\u00e0 en rapport d\u2019affaires avec nous de nous fournir des r\u00e9f\u00e9rences philat\u00e9liques aupr\u00e8s de marchands connus.<\/p><p>&#8211; Tous les lots sont garantis authentiques et sign\u00e9s sur demandes. Les lots \u00e0 l\u2019unit\u00e9, d\u2019un prix sup\u00e9rieur \u00e0 250 \u20ac, peuvent sur demande \u00eatre accompagn\u00e9s d\u2019un certificat photographique \u00ab C\u00c9R\u00c8S \u00bb. Les demandes de signatures et certificats d\u2019experts ext\u00e9rieurs seront factur\u00e9es. Afin de d\u2019acc\u00e9l\u00e9rer la proc\u00e9dure, merci de faire figurer vos demandes de signatures et certificats sur l\u2019ordre de commission.<\/p><p>&#8211; Les reproductions photographiques tiennent lieu de description pour l\u2019\u00e9tat de la dentelure, des marges et du centrage. Aucune r\u00e9clamation ne sera admise pour ce motif.<\/p><p>&#8211; La liste des r\u00e9sultats est adress\u00e9e dans les 3 jours de la vente aux souscripteurs. Elle doit vous permettre de noter les lots que vous avez obtenus.<br \/>Pour des raisons de discr\u00e9tion, nous n&#8217;envoyons pas de liste individuelle indiquant les lots obtenus par chacun. Si vous avez des doutes, n&#8217;h\u00e9sitez pas \u00e0 nous t\u00e9l\u00e9phoner&#8230;<\/p><p>&#8211; Lots invendus : mis en vente au prix minimal le jour de la parution des r\u00e9sultats sur notre site www.ceres.fr. Ils peuvent \u00eatre retenus par t\u00e9l\u00e9phone, fax, lettre ou e-mail.<br \/>S&#8217;il y a plusieurs demandes pour un m\u00eame lot, la premi\u00e8re re\u00e7ue l&#8217;emporte.<\/p><p>&#8211; Le r\u00e8glement des lots doit avoir lieu : \u00e0 r\u00e9ception de notre facture pour les nouveaux clients qui ne nous ont pas donn\u00e9 de r\u00e9f\u00e9rences, au moment de la r\u00e9ception pour les lots envoy\u00e9s par poste.<\/p><p>&#8211; Mode de r\u00e8glement : ch\u00e8que bancaire, ch\u00e8que postal, carte bancaire et virement.<br \/>Pour les clients \u00e9trangers : Carte bancaire ou virement \u00e0 notre compte :<br \/>CIC Paris rue du Louvre &#8211; BIC : CMCIFRPP &#8211; IBAN : FR76 3006 6106 3800 0103 0490 133<br \/>Pour les virements provenant de pays hors U.E, merci de rajouter 20 \u20ac de frais.<\/p><p>&#8211; Les lots sont exp\u00e9di\u00e9s par Lettre ou Colis Recommand\u00e9 (avec assurance). Ils restent notre propri\u00e9t\u00e9 jusqu&#8217;au r\u00e8glement int\u00e9gral.<\/p><p>&#8211; Les demandes de scans doivent \u00eatre faites en nombre raisonnable, elles sont trait\u00e9es dans la limite de nos possibilit\u00e9s et r\u00e9serv\u00e9es aux clients habituels.<\/p><p>&#8211; Les r\u00e9clamations \u00e9ventuelles doivent \u00eatre faites dans les 5 jours de la r\u00e9ception des lots.<br \/>Pass\u00e9 ce d\u00e9lai, la r\u00e9clamation ne sera pas admise. Aucune r\u00e9clamation n&#8217;est accept\u00e9e pour les lots compos\u00e9s et collections.<\/p><p>&#8211; Nous r\u00e9glons nos vendeurs 40 jours apr\u00e8s la fin de la vente. Les clients n\u2019ayant pas r\u00e9gl\u00e9, donc pas re\u00e7u leurs lots \u00e0 cette date ne pourront effectuer aucune r\u00e9clamation.<\/p><p>&#8211; Tout retour de lot doit s\u2019effectuer sur sa fiche d\u2019origine intacte.<\/p><p>&#8211; Frais d&#8217;exp\u00e9dition comprenant port, assurance, emballage et exp\u00e9dition de la liste des r\u00e9sultats : France 9 \u20ac, Union Europ\u00e9enne et reste du monde 13 \u20ac.<br \/>Un suppl\u00e9ment de 14 \u20ac sera ajout\u00e9 pour les envois d&#8217;une valeur sup\u00e9rieure \u00e0 2 000 \u20ac. Pour les colis volumineux, le montant r\u00e9el de port sera factur\u00e9.<\/p><p>&#8211; Nous pouvons \u00eatre contraints de retarder l&#8217;adjudication en cas de gr\u00e8ves postales. Pri\u00e8re de vous mettre en contact avec nos services pour conna\u00eetre les nouvelles dates.<\/p><p>&#8211; En cas de litige, seul est comp\u00e9tent le Tribunal de Commerce de Paris. Pour davantage d&#8217;informations, contactez:<\/p><p>C\u00c9R\u00c8S Philat\u00e9lie<br \/>23 rue du Louvre, 75041 PARIS cedex 01<br \/>T\u00e9l. : 01 42 33 31 91 &#8211; Fax : 01 42 33 61 67<br \/>E-mail : <a href=\"mailto:infos@ceres-philatelie.com\">infos@ceres-philatelie.com<\/a><\/p><p>&#8211; Les donn\u00e9es personnelles que vous nous communiquez sont enregistr\u00e9es uniquement dans le cadre du traitement de vos commandes. Elles ne sont en aucun cas transmises \u00e0 un tiers.<\/p><p>9<\/p>\t\t\t\t\t\t<\/div>\n\t\t\t\t<\/div>\n\t\t\t\t\t<\/div>\n\t\t<\/div>\n\t\t\t\t\t<\/div>\n\t\t<\/section>\n\t\t\t\t<\/div>\n\t\t","protected":false},"excerpt":{"rendered":"<p>CONDITIONS DE VENTE M\u00c9CANISME ET CONDITIONS DE LA VENTE SUR OFFRES &#8211; Le lot est attribu\u00e9 \u00e0 l\u2019offre la plus \u00e9lev\u00e9e &#8211; Le prix d\u2019attribution est \u00e9tabli en prenant comme base l\u2019offre venant imm\u00e9diatement apr\u00e8s l\u2019offre la plus \u00e9lev\u00e9e et en le majorant de 5% (en arrondissant \u00e0 1 \u20ac le plus proche).Exemple : pour [&hellip;]<\/p>\n","protected":false},"author":2,"featured_media":0,"parent":0,"menu_order":0,"comment_status":"closed","ping_status":"closed","template":"","meta":{"footnotes":""},"acf":[],"publishpress_future_action":{"enabled":false,"date":"2026-05-06 17:55:22","action":"change-status","newStatus":"draft","terms":[],"taxonomy":""},"_links":{"self":[{"href":"https:\/\/ceres.fr\/vso\/wp-json\/wp\/v2\/pages\/40390"}],"collection":[{"href":"https:\/\/ceres.fr\/vso\/wp-json\/wp\/v2\/pages"}],"about":[{"href":"https:\/\/ceres.fr\/vso\/wp-json\/wp\/v2\/types\/page"}],"author":[{"embeddable":true,"href":"https:\/\/ceres.fr\/vso\/wp-json\/wp\/v2\/users\/2"}],"replies":[{"embeddable":true,"href":"https:\/\/ceres.fr\/vso\/wp-json\/wp\/v2\/comments?post=40390"}],"version-history":[{"count":35,"href":"https:\/\/ceres.fr\/vso\/wp-json\/wp\/v2\/pages\/40390\/revisions"}],"predecessor-version":[{"id":94641,"href":"https:\/\/ceres.fr\/vso\/wp-json\/wp\/v2\/pages\/40390\/revisions\/94641"}],"wp:attachment":[{"href":"https:\/\/ceres.fr\/vso\/wp-json\/wp\/v2\/media?parent=40390"}],"curies":[{"name":"wp","href":"https:\/\/api.w.org\/{rel}","templated":true}]}}