{"id":4411,"date":"2021-12-22T13:27:00","date_gmt":"2021-12-22T12:27:00","guid":{"rendered":"http:\/\/new.ceres.fr\/vso-express\/?page_id=4411"},"modified":"2025-08-28T14:26:50","modified_gmt":"2025-08-28T12:26:50","slug":"vso_express_title_encours","status":"publish","type":"page","link":"https:\/\/ceres.fr\/vso-express\/","title":{"rendered":"VSO Express"},"content":{"rendered":"\t\t<div data-elementor-type=\"wp-page\" data-elementor-id=\"4411\" class=\"elementor elementor-4411\" data-elementor-post-type=\"page\">\n\t\t\t\t\t\t<section class=\"elementor-section elementor-top-section elementor-element elementor-element-3275f12 elementor-section-boxed elementor-section-height-default elementor-section-height-default\" data-id=\"3275f12\" data-element_type=\"section\">\n\t\t\t\t\t\t<div class=\"elementor-container elementor-column-gap-default\">\n\t\t\t\t\t<div class=\"elementor-column elementor-col-100 elementor-top-column elementor-element elementor-element-2133430\" data-id=\"2133430\" data-element_type=\"column\">\n\t\t\t<div class=\"elementor-widget-wrap elementor-element-populated\">\n\t\t\t\t\t\t<div class=\"elementor-element elementor-element-b7886d7 accroche-page elementor-widget elementor-widget-shortcode\" data-id=\"b7886d7\" data-element_type=\"widget\" data-widget_type=\"shortcode.default\">\n\t\t\t\t<div class=\"elementor-widget-container\">\n\t\t\t\t\t<div class=\"elementor-shortcode\">C\u00e9r\u00e8s Philat\u00e9lie, l'un des grands sp\u00e9cialistes de la vente sur offres que nous pratiquons avec succ\u00e8s depuis 1976.\r\n6 ventes annuelles ! La vente sur offres en ligne vous permet de consulter notre catalogue tr\u00e8s riche en photos, de zoomer sur les timbres et les lettres... et de passer vos ordres en seulement quelques clics ! <\/div>\n\t\t\t\t<\/div>\n\t\t\t\t<\/div>\n\t\t\t\t\t<\/div>\n\t\t<\/div>\n\t\t\t\t\t<\/div>\n\t\t<\/section>\n\t\t\t\t<section class=\"elementor-section elementor-top-section elementor-element elementor-element-3397a68 elementor-section-boxed elementor-section-height-default elementor-section-height-default\" data-id=\"3397a68\" data-element_type=\"section\">\n\t\t\t\t\t\t<div class=\"elementor-container elementor-column-gap-default\">\n\t\t\t\t\t<div class=\"elementor-column elementor-col-50 elementor-top-column elementor-element elementor-element-003ba3b\" data-id=\"003ba3b\" data-element_type=\"column\">\n\t\t\t<div class=\"elementor-widget-wrap elementor-element-populated\">\n\t\t\t\t\t\t<div class=\"elementor-element elementor-element-93a18ff elementor-widget elementor-widget-shortcode\" data-id=\"93a18ff\" data-element_type=\"widget\" data-widget_type=\"shortcode.default\">\n\t\t\t\t<div class=\"elementor-widget-container\">\n\t\t\t\t\t<div class=\"elementor-shortcode\"><img decoding=\"async\" src=\"https:\/\/ceres.fr\/wp-content\/uploads\/2025\/08\/v021_32_c1.jpg\" title=\"\" alt=\"\" class=\"\" \/><\/div>\n\t\t\t\t<\/div>\n\t\t\t\t<\/div>\n\t\t\t\t<div class=\"elementor-element elementor-element-5c3eb17 elementor-widget elementor-widget-shortcode\" data-id=\"5c3eb17\" data-element_type=\"widget\" data-widget_type=\"shortcode.default\">\n\t\t\t\t<div class=\"elementor-widget-container\">\n\t\t\t\t\t<div class=\"elementor-shortcode\"><img decoding=\"async\" src=\"https:\/\/ceres.fr\/wp-content\/uploads\/2025\/08\/v021_32_c4.jpg\" title=\"\" alt=\"\" class=\"\" \/><\/div>\n\t\t\t\t<\/div>\n\t\t\t\t<\/div>\n\t\t\t\t\t<\/div>\n\t\t<\/div>\n\t\t\t\t<div class=\"elementor-column elementor-col-50 elementor-top-column elementor-element elementor-element-9f31375\" data-id=\"9f31375\" data-element_type=\"column\">\n\t\t\t<div class=\"elementor-widget-wrap elementor-element-populated\">\n\t\t\t\t\t\t<div class=\"elementor-element elementor-element-5e2e2bb vso-title elementor-widget elementor-widget-shortcode\" data-id=\"5e2e2bb\" data-element_type=\"widget\" data-widget_type=\"shortcode.default\">\n\t\t\t\t<div class=\"elementor-widget-container\">\n\t\t\t\t\t<div class=\"elementor-shortcode\"><h2>21e Vente sur offres Express du 16 septembre 2025<\/h2><\/div>\n\t\t\t\t<\/div>\n\t\t\t\t<\/div>\n\t\t\t\t<div class=\"elementor-element elementor-element-daf2c67 elementor-widget elementor-widget-shortcode\" data-id=\"daf2c67\" data-element_type=\"widget\" data-widget_type=\"shortcode.default\">\n\t\t\t\t<div class=\"elementor-widget-container\">\n\t\t\t\t\t<div class=\"elementor-shortcode\">FRANCE<br \/>\r\nClassiques - XXe si\u00e8cle<br \/>\r\nAnnexes<br \/>\r\nCOLONIES FRAN\u00c7AISES<br \/>\r\nEUROPE - OUTRE-MER<br \/>\r\nLots et collections<\/div>\n\t\t\t\t<\/div>\n\t\t\t\t<\/div>\n\t\t\t\t<div class=\"elementor-element elementor-element-9fbbd51 elementor-widget elementor-widget-shortcode\" data-id=\"9fbbd51\" data-element_type=\"widget\" data-widget_type=\"shortcode.default\">\n\t\t\t\t<div class=\"elementor-widget-container\">\n\t\t\t\t\t<div class=\"elementor-shortcode\"><a href=\"https:\/\/ceres.fr\/wp-content\/uploads\/2025\/09\/vo_V021_32_Lpa.pdf\" target=\"_blank\">Liste des prix atteints : [ format PDF ]<\/a><\/div>\n\t\t\t\t<\/div>\n\t\t\t\t<\/div>\n\t\t\t\t<div class=\"elementor-element elementor-element-e7fe64b elementor-widget elementor-widget-shortcode\" data-id=\"e7fe64b\" data-element_type=\"widget\" data-widget_type=\"shortcode.default\">\n\t\t\t\t<div class=\"elementor-widget-container\">\n\t\t\t\t\t<div class=\"elementor-shortcode\"><a href=\"https:\/\/ceres.fr\/wp-content\/uploads\/2025\/09\/vo_V021_32_Inv.pdf\" target=\"_blank\">Liste des invendus : [ format PDF ]<\/a><\/div>\n\t\t\t\t<\/div>\n\t\t\t\t<\/div>\n\t\t\t\t<div class=\"elementor-element elementor-element-1736264 elementor-widget elementor-widget-button\" data-id=\"1736264\" data-element_type=\"widget\" data-widget_type=\"button.default\">\n\t\t\t\t<div class=\"elementor-widget-container\">\n\t\t\t\t\t<div class=\"elementor-button-wrapper\">\n\t\t\t<a class=\"elementor-button elementor-button-link elementor-size-sm\" href=\"https:\/\/ceres.fr\/vso-express\/vente-sur-offres-express\/\">\n\t\t\t\t\t\t<span class=\"elementor-button-content-wrapper\">\n\t\t\t\t\t\t\t\t\t<span class=\"elementor-button-text\">Acc\u00e9der aux invendus de la Vente Sur Offres Express<\/span>\n\t\t\t\t\t<\/span>\n\t\t\t\t\t<\/a>\n\t\t<\/div>\n\t\t\t\t<\/div>\n\t\t\t\t<\/div>\n\t\t\t\t\t<\/div>\n\t\t<\/div>\n\t\t\t\t\t<\/div>\n\t\t<\/section>\n\t\t\t\t<\/div>\n\t\t","protected":false},"excerpt":{"rendered":"","protected":false},"author":2,"featured_media":0,"parent":0,"menu_order":0,"comment_status":"closed","ping_status":"closed","template":"","meta":{"footnotes":""},"acf":[],"publishpress_future_action":{"enabled":false,"date":"2026-05-07 21:36:36","action":"change-status","newStatus":"draft","terms":[],"taxonomy":""},"_links":{"self":[{"href":"https:\/\/ceres.fr\/vso-express\/wp-json\/wp\/v2\/pages\/4411"}],"collection":[{"href":"https:\/\/ceres.fr\/vso-express\/wp-json\/wp\/v2\/pages"}],"about":[{"href":"https:\/\/ceres.fr\/vso-express\/wp-json\/wp\/v2\/types\/page"}],"author":[{"embeddable":true,"href":"https:\/\/ceres.fr\/vso-express\/wp-json\/wp\/v2\/users\/2"}],"replies":[{"embeddable":true,"href":"https:\/\/ceres.fr\/vso-express\/wp-json\/wp\/v2\/comments?post=4411"}],"version-history":[{"count":65,"href":"https:\/\/ceres.fr\/vso-express\/wp-json\/wp\/v2\/pages\/4411\/revisions"}],"predecessor-version":[{"id":38101,"href":"https:\/\/ceres.fr\/vso-express\/wp-json\/wp\/v2\/pages\/4411\/revisions\/38101"}],"wp:attachment":[{"href":"https:\/\/ceres.fr\/vso-express\/wp-json\/wp\/v2\/media?parent=4411"}],"curies":[{"name":"wp","href":"https:\/\/api.w.org\/{rel}","templated":true}]}}