{"id":7189,"date":"2022-07-06T09:38:42","date_gmt":"2022-07-06T07:38:42","guid":{"rendered":"http:\/\/new.ceres.fr\/vpn\/?page_id=7189"},"modified":"2024-03-18T15:12:55","modified_gmt":"2024-03-18T14:12:55","slug":"conditions-de-vente-vente-a-prix-nets-permanente","status":"publish","type":"page","link":"https:\/\/ceres.fr\/vpn\/conditions-de-vente-vente-a-prix-nets-permanente\/","title":{"rendered":"Conditions de vente &#8211; Vente \u00e0 prix nets permanente"},"content":{"rendered":"\t\t<div data-elementor-type=\"wp-page\" data-elementor-id=\"7189\" class=\"elementor elementor-7189\" data-elementor-post-type=\"page\">\n\t\t\t\t\t\t<section class=\"elementor-section elementor-top-section elementor-element elementor-element-3ad9677 elementor-section-boxed elementor-section-height-default elementor-section-height-default\" data-id=\"3ad9677\" data-element_type=\"section\">\n\t\t\t\t\t\t<div class=\"elementor-container elementor-column-gap-default\">\n\t\t\t\t\t<div class=\"elementor-column elementor-col-100 elementor-top-column elementor-element elementor-element-c8aedb9\" data-id=\"c8aedb9\" data-element_type=\"column\">\n\t\t\t<div class=\"elementor-widget-wrap elementor-element-populated\">\n\t\t\t\t\t\t<div class=\"elementor-element elementor-element-66968b3 elementor-widget elementor-widget-text-editor\" data-id=\"66968b3\" data-element_type=\"widget\" data-widget_type=\"text-editor.default\">\n\t\t\t\t<div class=\"elementor-widget-container\">\n\t\t\t<style>\/*! elementor - v3.21.0 - 25-04-2024 *\/\n.elementor-widget-text-editor.elementor-drop-cap-view-stacked .elementor-drop-cap{background-color:#69727d;color:#fff}.elementor-widget-text-editor.elementor-drop-cap-view-framed .elementor-drop-cap{color:#69727d;border:3px solid;background-color:transparent}.elementor-widget-text-editor:not(.elementor-drop-cap-view-default) .elementor-drop-cap{margin-top:8px}.elementor-widget-text-editor:not(.elementor-drop-cap-view-default) .elementor-drop-cap-letter{width:1em;height:1em}.elementor-widget-text-editor .elementor-drop-cap{float:left;text-align:center;line-height:1;font-size:50px}.elementor-widget-text-editor .elementor-drop-cap-letter{display:inline-block}<\/style>\t\t\t\t<p>&#8211; Les prix indiqu\u00e9s sont en euros (\u20ac).<\/p><p>&#8211; Les num\u00e9ros sont ceux des catalogues Yvert &amp; Tellier.<\/p><p>&#8211; Les lots sont vendus au prix net indiqu\u00e9.<\/p><p>&#8211; S\u2019il y a plusieurs demandes pour un m\u00eame lot, la premi\u00e8re re\u00e7ue l\u2019emporte.<br \/>Nos timbres sont garantis authentiques et conformes aux r\u00e8gles internationales. Ils sont tous en qualit\u00e9 :<br \/>&#8211; XX neuf avec gomme d&#8217;origine intacte sans charni\u00e8re<br \/>&#8211; X neuf gomme d&#8217;origine avec charni\u00e8re ou trace de charni\u00e8re<br \/>&#8211; (X) neuf sans gomme<br \/>&#8211; oblit\u00e9r\u00e9<\/p><p>&#8211; Les prix indiqu\u00e9s sont valables sauf erreur d&#8217;impression. Ils peuvent \u00eatre aussi modifi\u00e9s sans pr\u00e9avis.<\/p><p><b>&#8211; Les Clients C\u00c9R\u00c8S Club ont 5% de remise sur tous les prix indiqu\u00e9s \u00ab C\u00c9R\u00c8S Club \u00bb : apr\u00e8s un premier achat d&#8217;au moins 150 \u20ac<\/b><br \/><b>&#8211; Les Clients \u00ab Super-Club \u00bb b\u00e9n\u00e9ficient de 10 % de remise \u00ab Super-Club \u00bb : achat dans l&#8217;ann\u00e9e (du 01 janvier au 31 d\u00e9cembre) d&#8217;au moins :<\/b><br \/><b>&#8211; 450 \u20ac en timbres \u00e0 la pi\u00e8ce ou ann\u00e9es compl\u00e8tes<\/b><br \/><b>ou &#8211; 750 \u20ac en timbres \u00e0 la pi\u00e8ce, ann\u00e9es compl\u00e8tes, ventes \u00e0 prix nets et Gazette<\/b><br \/><b>ou &#8211; 1000 \u20ac en timbres \u00e0 la pi\u00e8ce, ann\u00e9es compl\u00e8tes, ventes \u00e0 prix nets, Gazette et Ventes sur Offres<\/b><\/p><p>&#8211; Nous prions les personnes qui ne sont pas d\u00e9j\u00e0 en rapport d\u2019affaires avec nous de nous fournir des r\u00e9f\u00e9rences philat\u00e9liques aupr\u00e8s de marchands connus.<\/p><p>&#8211; Tous les lots sont garantis authentiques et sign\u00e9s sur demandes. Les lots \u00e0 l\u2019unit\u00e9, d\u2019un prix sup\u00e9rieur \u00e0 250 \u20ac, peuvent sur demande \u00eatre accompagn\u00e9s d\u2019un certificat photographique \u00ab C\u00e9r\u00e8s \u00bb. Les demandes de signatures et certificats d\u2019experts ext\u00e9rieurs seront factur\u00e9es.<\/p><p>&#8211; Les reproductions photographiques tiennent lieu de description pour l\u2019\u00e9tat de la dentelure, des marges et du centrage. Aucune r\u00e9clamation ne sera admise pour ce motif.<\/p><p>&#8211; Le r\u00e8glement des lots doit avoir lieu : \u00e0 r\u00e9ception de notre facture pour les nouveaux clients qui ne nous ont pas donn\u00e9 de r\u00e9f\u00e9rences, au moment de la r\u00e9ception pour les lots envoy\u00e9s par poste.<\/p><p>&#8211; Mode de r\u00e8glement : ch\u00e8que bancaire, ch\u00e8que postal.<br \/>Pour les clients \u00e9trangers : Carte VISA ou virement \u00e0 notre compte :<br \/>CIC Paris Rue du Louvre &#8211; BIC : CMCIFRPP &#8211; IBAN : FR76 3006 6106 3800 0103 0490 133<br \/>Pour les virements provenant de pays hors U.E, merci de rajouter 20 \u20ac de frais.<br \/>&#8211; Les lots sont exp\u00e9di\u00e9s par Lettre ou Colis Recommand\u00e9 (avec assurance). Ils restent notre propri\u00e9t\u00e9 jusqu&#8217;au r\u00e8glement int\u00e9gral.<\/p><p>&#8211; Les r\u00e9clamations \u00e9ventuelles doivent \u00eatre faites dans les 5 jours de la r\u00e9ception des lots.<br \/>Pass\u00e9 ce d\u00e9lai, la r\u00e9clamation ne sera pas admise. Aucune r\u00e9clamation n&#8217;est accept\u00e9e pour les lots compos\u00e9s et collections.<\/p><p>&#8211; Tout retour de lot doit s\u2019effectuer sur sa fiche d\u2019origine intacte.<\/p><p>&#8211; Frais d&#8217;exp\u00e9dition comprenant port, assurance et emballage : France 9 \u20ac, Union Europ\u00e9enne et reste du monde 13 \u20ac.<br \/>Un suppl\u00e9ment de 14 \u20ac sera ajout\u00e9 pour les envois d&#8217;une valeur sup\u00e9rieure \u00e0 2 000 \u20ac. Pour les colis volumineux, le montant r\u00e9el de port sera factur\u00e9.<\/p><p>&#8211; En cas de litige, seul est comp\u00e9tent le Tribunal de Commerce de Paris. Pour d&#8217;avantage d&#8217;informations, contactez:<\/p><p>C\u00c9R\u00c8S Philat\u00e9lie<br \/>23 rue du Louvre, 75041 PARIS cedex 01<br \/>T\u00e9l. : 01 42 33 31 91 &#8211; Fax : 01 42 33 61 67<br \/>E-mail : <a href=\"mailto:infos@ceres-philatelie.com\">infos@ceres-philatelie.com<\/a><\/p>\t\t\t\t\t\t<\/div>\n\t\t\t\t<\/div>\n\t\t\t\t\t<\/div>\n\t\t<\/div>\n\t\t\t\t\t<\/div>\n\t\t<\/section>\n\t\t\t\t<\/div>\n\t\t","protected":false},"excerpt":{"rendered":"<p>&#8211; Les prix indiqu\u00e9s sont en euros (\u20ac). &#8211; Les num\u00e9ros sont ceux des catalogues Yvert &amp; Tellier. &#8211; Les lots sont vendus au prix net indiqu\u00e9. &#8211; S\u2019il y a plusieurs demandes pour un m\u00eame lot, la premi\u00e8re re\u00e7ue l\u2019emporte.Nos timbres sont garantis authentiques et conformes aux r\u00e8gles internationales. Ils sont tous en qualit\u00e9 [&hellip;]<\/p>\n","protected":false},"author":1,"featured_media":0,"parent":0,"menu_order":0,"comment_status":"closed","ping_status":"closed","template":"","meta":{"footnotes":""},"acf":[],"publishpress_future_action":{"enabled":false,"date":"2026-05-10 02:03:48","action":"change-status","newStatus":"draft","terms":[],"taxonomy":""},"_links":{"self":[{"href":"https:\/\/ceres.fr\/vpn\/wp-json\/wp\/v2\/pages\/7189"}],"collection":[{"href":"https:\/\/ceres.fr\/vpn\/wp-json\/wp\/v2\/pages"}],"about":[{"href":"https:\/\/ceres.fr\/vpn\/wp-json\/wp\/v2\/types\/page"}],"author":[{"embeddable":true,"href":"https:\/\/ceres.fr\/vpn\/wp-json\/wp\/v2\/users\/1"}],"replies":[{"embeddable":true,"href":"https:\/\/ceres.fr\/vpn\/wp-json\/wp\/v2\/comments?post=7189"}],"version-history":[{"count":7,"href":"https:\/\/ceres.fr\/vpn\/wp-json\/wp\/v2\/pages\/7189\/revisions"}],"predecessor-version":[{"id":13803,"href":"https:\/\/ceres.fr\/vpn\/wp-json\/wp\/v2\/pages\/7189\/revisions\/13803"}],"wp:attachment":[{"href":"https:\/\/ceres.fr\/vpn\/wp-json\/wp\/v2\/media?parent=7189"}],"curies":[{"name":"wp","href":"https:\/\/api.w.org\/{rel}","templated":true}]}}