{"id":1133,"date":"2022-07-06T09:45:19","date_gmt":"2022-07-06T07:45:19","guid":{"rendered":"http:\/\/new.ceres.fr\/flash\/?page_id=1133"},"modified":"2024-03-18T15:15:34","modified_gmt":"2024-03-18T14:15:34","slug":"conditions-de-vente-vente-flash","status":"publish","type":"page","link":"https:\/\/ceres.fr\/flash\/conditions-de-vente-vente-flash\/","title":{"rendered":"Conditions de vente &#8211; Vente Flash"},"content":{"rendered":"\t\t<div data-elementor-type=\"wp-page\" data-elementor-id=\"1133\" class=\"elementor elementor-1133\" data-elementor-post-type=\"page\">\n\t\t\t\t\t\t<section class=\"elementor-section elementor-top-section elementor-element elementor-element-54abbd7 elementor-section-boxed elementor-section-height-default elementor-section-height-default\" data-id=\"54abbd7\" data-element_type=\"section\">\n\t\t\t\t\t\t<div class=\"elementor-container elementor-column-gap-default\">\n\t\t\t\t\t<div class=\"elementor-column elementor-col-100 elementor-top-column elementor-element elementor-element-04fc8d7\" data-id=\"04fc8d7\" data-element_type=\"column\">\n\t\t\t<div class=\"elementor-widget-wrap elementor-element-populated\">\n\t\t\t\t\t\t<div class=\"elementor-element elementor-element-05a9625 elementor-widget elementor-widget-text-editor\" data-id=\"05a9625\" data-element_type=\"widget\" data-widget_type=\"text-editor.default\">\n\t\t\t\t<div class=\"elementor-widget-container\">\n\t\t\t<style>\/*! elementor - v3.21.0 - 25-04-2024 *\/\n.elementor-widget-text-editor.elementor-drop-cap-view-stacked .elementor-drop-cap{background-color:#69727d;color:#fff}.elementor-widget-text-editor.elementor-drop-cap-view-framed .elementor-drop-cap{color:#69727d;border:3px solid;background-color:transparent}.elementor-widget-text-editor:not(.elementor-drop-cap-view-default) .elementor-drop-cap{margin-top:8px}.elementor-widget-text-editor:not(.elementor-drop-cap-view-default) .elementor-drop-cap-letter{width:1em;height:1em}.elementor-widget-text-editor .elementor-drop-cap{float:left;text-align:center;line-height:1;font-size:50px}.elementor-widget-text-editor .elementor-drop-cap-letter{display:inline-block}<\/style>\t\t\t\t<p>Les prix indiqu\u00e9s sont en euros (\u20ac).<\/p><p>Les num\u00e9ros sont ceux des catalogues Yvert &amp; Tellier.<\/p><p>Les ventes Flash sont accessibles uniquement aux dates renseign\u00e9es sur le site.<\/p><p>Nos timbres sont garantis authentiques et conformes aux r\u00e8gles internationales. Ils sont tous en qualit\u00e9 :<br \/>\u2013 XX neuf avec gomme d\u2019origine intacte sans charni\u00e8re<br \/>\u2013 X neuf gomme d\u2019origine avec charni\u00e8re ou trace de charni\u00e8re<br \/>\u2013 (X) neuf sans gomme<br \/>\u2013 oblit\u00e9r\u00e9<\/p><p>&#8211; Les photos des timbres pr\u00e9sent\u00e9s tiennent lieu d\u2019illustration mais ne sont pas contractuelles.<\/p><p>&#8211; Les timbres de plus de 80 \u20ac peuvent \u00eatre sign\u00e9s sur demande et ceux de plus de 250 \u20ac accompagn\u00e9s d\u2019un certificat photo C\u00e9r\u00e8s. Toute demande de certificat par un expert ext\u00e9rieur sera factur\u00e9e.<\/p><p>&#8211; Dans le cas d\u2019une commande Vente Flash, nous garantissons de fournir les lots s\u00e9lectionn\u00e9s, sauf erreur de stock ou timbre s\u2019av\u00e9rant d\u00e9fectueux.<\/p><p>&#8211; Les commandes sont trait\u00e9es dans les 8 jours et exp\u00e9di\u00e9es en recommand\u00e9 avec affranchissement philat\u00e9lique.<\/p><p>&#8211; Le r\u00e8glement des lots doit avoir lieu : \u00e0 r\u00e9ception de notre facture pour les nouveaux clients qui ne nous ont pas donn\u00e9 de r\u00e9f\u00e9rences, au moment de la r\u00e9ception pour les lots envoy\u00e9s par poste.<\/p><p>&#8211; Mode de r\u00e8glement : ch\u00e8que bancaire, ch\u00e8que postal, carte bancaire ou virement.<br \/>Pour les clients \u00e9trangers : Carte bancaire ou virement \u00e0 notre compte : <br \/>CIC LOUVRE \u2013 ETIENNE MARCEL &#8211; BIC : CMCIFRPP &#8211; IBAN : FR76 3006 6106 3800 0103 0490 133<br \/>Pour les virements provenant de pays hors U.E, merci de rajouter 20 \u20ac de frais.<\/p><p>&#8211; Les lots sont exp\u00e9di\u00e9s par Lettre ou Colis Recommand\u00e9 (avec assurance). Ils restent notre propri\u00e9t\u00e9 jusqu&#8217;au r\u00e8glement int\u00e9gral.<\/p><p>&#8211; Frais d&#8217;exp\u00e9dition comprenant port, assurance et emballage : France 9 \u20ac, Union Europ\u00e9enne et reste du monde 13 \u20ac. Un suppl\u00e9ment de 14 \u20ac sera ajout\u00e9 pour les envois d&#8217;une valeur sup\u00e9rieure \u00e0 2 000 \u20ac. Pour les colis volumineux, le montant r\u00e9el de port sera factur\u00e9.<\/p><p>&#8211; En cas de litige, seul est comp\u00e9tent le Tribunal de Commerce de Paris. Pour davantage d&#8217;informations, contactez:<\/p><p>C\u00c9R\u00c8S Philat\u00e9lie<br \/>23 rue du Louvre, 75041 PARIS cedex 01<br \/>T\u00e9l. : 01 42 33 31 91 &#8211; Fax : 01 42 33 61 67 <br \/>E-mail : infos@ceres-philatelie.com<\/p>\t\t\t\t\t\t<\/div>\n\t\t\t\t<\/div>\n\t\t\t\t\t<\/div>\n\t\t<\/div>\n\t\t\t\t\t<\/div>\n\t\t<\/section>\n\t\t\t\t<\/div>\n\t\t","protected":false},"excerpt":{"rendered":"<p>Les prix indiqu\u00e9s sont en euros (\u20ac). Les num\u00e9ros sont ceux des catalogues Yvert &amp; Tellier. Les ventes Flash sont accessibles uniquement aux dates renseign\u00e9es sur le site. Nos timbres sont garantis authentiques et conformes aux r\u00e8gles internationales. Ils sont tous en qualit\u00e9 :\u2013 XX neuf avec gomme d\u2019origine intacte sans charni\u00e8re\u2013 X neuf gomme [&hellip;]<\/p>\n","protected":false},"author":1,"featured_media":0,"parent":0,"menu_order":0,"comment_status":"closed","ping_status":"closed","template":"","meta":{"footnotes":""},"acf":[],"publishpress_future_action":{"enabled":false,"date":"2026-05-18 15:07:26","action":"change-status","newStatus":"draft","terms":[],"taxonomy":""},"_links":{"self":[{"href":"https:\/\/ceres.fr\/flash\/wp-json\/wp\/v2\/pages\/1133"}],"collection":[{"href":"https:\/\/ceres.fr\/flash\/wp-json\/wp\/v2\/pages"}],"about":[{"href":"https:\/\/ceres.fr\/flash\/wp-json\/wp\/v2\/types\/page"}],"author":[{"embeddable":true,"href":"https:\/\/ceres.fr\/flash\/wp-json\/wp\/v2\/users\/1"}],"replies":[{"embeddable":true,"href":"https:\/\/ceres.fr\/flash\/wp-json\/wp\/v2\/comments?post=1133"}],"version-history":[{"count":7,"href":"https:\/\/ceres.fr\/flash\/wp-json\/wp\/v2\/pages\/1133\/revisions"}],"predecessor-version":[{"id":1273,"href":"https:\/\/ceres.fr\/flash\/wp-json\/wp\/v2\/pages\/1133\/revisions\/1273"}],"wp:attachment":[{"href":"https:\/\/ceres.fr\/flash\/wp-json\/wp\/v2\/media?parent=1133"}],"curies":[{"name":"wp","href":"https:\/\/api.w.org\/{rel}","templated":true}]}}