{"id":1032,"date":"2022-04-08T10:37:05","date_gmt":"2022-04-08T08:37:05","guid":{"rendered":"http:\/\/new.ceres.fr\/flash\/?page_id=1032"},"modified":"2022-09-29T12:48:27","modified_gmt":"2022-09-29T10:48:27","slug":"vente-flash","status":"publish","type":"page","link":"https:\/\/ceres.fr\/flash\/","title":{"rendered":"Vente flash"},"content":{"rendered":"\t\t<div data-elementor-type=\"wp-page\" data-elementor-id=\"1032\" class=\"elementor elementor-1032\" data-elementor-post-type=\"page\">\n\t\t\t\t\t\t<section class=\"elementor-section elementor-top-section elementor-element elementor-element-74e7edf elementor-section-boxed elementor-section-height-default elementor-section-height-default\" data-id=\"74e7edf\" data-element_type=\"section\">\n\t\t\t\t\t\t<div class=\"elementor-container elementor-column-gap-default\">\n\t\t\t\t\t<div class=\"elementor-column elementor-col-100 elementor-top-column elementor-element elementor-element-3714a2c\" data-id=\"3714a2c\" data-element_type=\"column\">\n\t\t\t<div class=\"elementor-widget-wrap elementor-element-populated\">\n\t\t\t\t\t\t<div class=\"elementor-element elementor-element-28c0695 accroche-page elementor-widget elementor-widget-shortcode\" data-id=\"28c0695\" data-element_type=\"widget\" data-widget_type=\"shortcode.default\">\n\t\t\t\t<div class=\"elementor-widget-container\">\n\t\t\t\t\t<div class=\"elementor-shortcode\">C'est le moment d'acqu\u00e9rir, \u00e0 un PRIX vraiment EXCEPTIONNEL, des timbres ou lettres rarement propos\u00e9s !<\/div>\n\t\t\t\t<\/div>\n\t\t\t\t<\/div>\n\t\t\t\t\t<\/div>\n\t\t<\/div>\n\t\t\t\t\t<\/div>\n\t\t<\/section>\n\t\t\t\t<section class=\"elementor-section elementor-top-section elementor-element elementor-element-52252af elementor-section-boxed elementor-section-height-default elementor-section-height-default\" data-id=\"52252af\" data-element_type=\"section\">\n\t\t\t\t\t\t<div class=\"elementor-container elementor-column-gap-default\">\n\t\t\t\t\t<div class=\"elementor-column elementor-col-100 elementor-top-column elementor-element elementor-element-8c07e4c\" data-id=\"8c07e4c\" data-element_type=\"column\">\n\t\t\t<div class=\"elementor-widget-wrap elementor-element-populated\">\n\t\t\t\t\t\t<section class=\"elementor-section elementor-inner-section elementor-element elementor-element-b024363 elementor-section-boxed elementor-section-height-default elementor-section-height-default\" data-id=\"b024363\" data-element_type=\"section\">\n\t\t\t\t\t\t<div class=\"elementor-container elementor-column-gap-default\">\n\t\t\t\t\t<div class=\"elementor-column elementor-col-50 elementor-inner-column elementor-element elementor-element-84064fa\" data-id=\"84064fa\" data-element_type=\"column\">\n\t\t\t<div class=\"elementor-widget-wrap elementor-element-populated\">\n\t\t\t\t\t\t<div class=\"elementor-element elementor-element-11f7a62 elementor-widget elementor-widget-shortcode\" data-id=\"11f7a62\" data-element_type=\"widget\" data-widget_type=\"shortcode.default\">\n\t\t\t\t<div class=\"elementor-widget-container\">\n\t\t\t\t\t<div class=\"elementor-shortcode\"><h2>Voici notre nouvelle VENTE FLASH !!<\/h2><\/div>\n\t\t\t\t<\/div>\n\t\t\t\t<\/div>\n\t\t\t\t<div class=\"elementor-element elementor-element-dbfae2d elementor-widget elementor-widget-shortcode\" data-id=\"dbfae2d\" data-element_type=\"widget\" data-widget_type=\"shortcode.default\">\n\t\t\t\t<div class=\"elementor-widget-container\">\n\t\t\t\t\t<div class=\"elementor-shortcode\">C'est le moment d'acqu\u00e9rir, \u00e0 un PRIX vraiment EXCEPTIONNEL, des timbres de qualit\u00e9, pas souvent propos\u00e9s !<br \/>\r\nAttention... cette vente est LIMITEE dans le temps et dans les quantit\u00e9s disponibles !<br \/>\r\nProfitez en tout de suite !  <\/div>\n\t\t\t\t<\/div>\n\t\t\t\t<\/div>\n\t\t\t\t<div class=\"elementor-element elementor-element-5854da3 elementor-widget elementor-widget-button\" data-id=\"5854da3\" data-element_type=\"widget\" data-widget_type=\"button.default\">\n\t\t\t\t<div class=\"elementor-widget-container\">\n\t\t\t\t\t<div class=\"elementor-button-wrapper\">\n\t\t\t<a class=\"elementor-button elementor-button-link elementor-size-sm\" href=\"https:\/\/ceres.fr\/flash\/boutique\/\">\n\t\t\t\t\t\t<span class=\"elementor-button-content-wrapper\">\n\t\t\t\t\t\t\t\t\t<span class=\"elementor-button-text\">Acc\u00e9der \u00e0 la vente flash<\/span>\n\t\t\t\t\t<\/span>\n\t\t\t\t\t<\/a>\n\t\t<\/div>\n\t\t\t\t<\/div>\n\t\t\t\t<\/div>\n\t\t\t\t<div class=\"elementor-element elementor-element-39443f2 elementor-widget elementor-widget-shortcode\" data-id=\"39443f2\" data-element_type=\"widget\" data-widget_type=\"shortcode.default\">\n\t\t\t\t<div class=\"elementor-widget-container\">\n\t\t\t\t\t<div class=\"elementor-shortcode\"><p>Du 18\/11\/2022 au 20\/11\/2022<\/p><\/div>\n\t\t\t\t<\/div>\n\t\t\t\t<\/div>\n\t\t\t\t\t<\/div>\n\t\t<\/div>\n\t\t\t\t<div class=\"elementor-column elementor-col-50 elementor-inner-column elementor-element elementor-element-f11bb7a\" data-id=\"f11bb7a\" data-element_type=\"column\">\n\t\t\t<div class=\"elementor-widget-wrap\">\n\t\t\t\t\t\t\t<\/div>\n\t\t<\/div>\n\t\t\t\t\t<\/div>\n\t\t<\/section>\n\t\t\t\t\t<\/div>\n\t\t<\/div>\n\t\t\t\t\t<\/div>\n\t\t<\/section>\n\t\t\t\t<\/div>\n\t\t","protected":false},"excerpt":{"rendered":"<p>Acc\u00e9der \u00e0 la vente flash<\/p>\n","protected":false},"author":1,"featured_media":0,"parent":0,"menu_order":0,"comment_status":"closed","ping_status":"closed","template":"","meta":{"footnotes":""},"acf":[],"publishpress_future_action":{"enabled":false,"date":"2026-05-18 13:35:43","action":"change-status","newStatus":"draft","terms":[],"taxonomy":""},"_links":{"self":[{"href":"https:\/\/ceres.fr\/flash\/wp-json\/wp\/v2\/pages\/1032"}],"collection":[{"href":"https:\/\/ceres.fr\/flash\/wp-json\/wp\/v2\/pages"}],"about":[{"href":"https:\/\/ceres.fr\/flash\/wp-json\/wp\/v2\/types\/page"}],"author":[{"embeddable":true,"href":"https:\/\/ceres.fr\/flash\/wp-json\/wp\/v2\/users\/1"}],"replies":[{"embeddable":true,"href":"https:\/\/ceres.fr\/flash\/wp-json\/wp\/v2\/comments?post=1032"}],"version-history":[{"count":19,"href":"https:\/\/ceres.fr\/flash\/wp-json\/wp\/v2\/pages\/1032\/revisions"}],"predecessor-version":[{"id":1171,"href":"https:\/\/ceres.fr\/flash\/wp-json\/wp\/v2\/pages\/1032\/revisions\/1171"}],"wp:attachment":[{"href":"https:\/\/ceres.fr\/flash\/wp-json\/wp\/v2\/media?parent=1032"}],"curies":[{"name":"wp","href":"https:\/\/api.w.org\/{rel}","templated":true}]}}