{"id":231,"date":"2022-07-06T10:50:19","date_gmt":"2022-07-06T08:50:19","guid":{"rendered":"http:\/\/new.ceres.fr\/catalogues\/?page_id=231"},"modified":"2024-11-14T15:28:41","modified_gmt":"2024-11-14T14:28:41","slug":"conditions-de-vente-catalogues","status":"publish","type":"page","link":"https:\/\/ceres.fr\/catalogues\/conditions-de-vente-catalogues\/","title":{"rendered":"Conditions de vente &#8211; Catalogues"},"content":{"rendered":"\t\t<div data-elementor-type=\"wp-page\" data-elementor-id=\"231\" class=\"elementor elementor-231\" data-elementor-post-type=\"page\">\n\t\t\t\t\t\t<section class=\"elementor-section elementor-top-section elementor-element elementor-element-10deb6a elementor-section-boxed elementor-section-height-default elementor-section-height-default\" data-id=\"10deb6a\" data-element_type=\"section\">\n\t\t\t\t\t\t<div class=\"elementor-container elementor-column-gap-default\">\n\t\t\t\t\t<div class=\"elementor-column elementor-col-100 elementor-top-column elementor-element elementor-element-9620bb3\" data-id=\"9620bb3\" data-element_type=\"column\">\n\t\t\t<div class=\"elementor-widget-wrap elementor-element-populated\">\n\t\t\t\t\t\t<div class=\"elementor-element elementor-element-6885f1d elementor-widget elementor-widget-text-editor\" data-id=\"6885f1d\" data-element_type=\"widget\" data-widget_type=\"text-editor.default\">\n\t\t\t\t<div class=\"elementor-widget-container\">\n\t\t\t<style>\/*! elementor - v3.21.0 - 25-04-2024 *\/\n.elementor-widget-text-editor.elementor-drop-cap-view-stacked .elementor-drop-cap{background-color:#69727d;color:#fff}.elementor-widget-text-editor.elementor-drop-cap-view-framed .elementor-drop-cap{color:#69727d;border:3px solid;background-color:transparent}.elementor-widget-text-editor:not(.elementor-drop-cap-view-default) .elementor-drop-cap{margin-top:8px}.elementor-widget-text-editor:not(.elementor-drop-cap-view-default) .elementor-drop-cap-letter{width:1em;height:1em}.elementor-widget-text-editor .elementor-drop-cap{float:left;text-align:center;line-height:1;font-size:50px}.elementor-widget-text-editor .elementor-drop-cap-letter{display:inline-block}<\/style>\t\t\t\t<p>&#8211; Les frais d&#8217;exp\u00e9dition comprennent port, assurance et emballage, \u00e0 ajouter au prix du catalogue pour :<br \/>&#8211; France : 17 \u20ac<br \/>&#8211; UE, Suisse : 28 \u20ac<br \/>&#8211; DOM : 42 \u20ac<br \/>&#8211; TOM : 60 \u20ac<br \/>&#8211; Reste du monde : 75 \u20ac<\/p><p>&#8211; Mode de r\u00e8glement : ch\u00e8que bancaire, ch\u00e8que postal.<br \/>Pour les clients \u00e9trangers : Carte VISA ou virement \u00e0 notre compte :<br \/>CIC Paris Rue du Louvre &#8211; BIC : CMCIFRPP &#8211; IBAN : FR76 3006 6106 3800 0103 0490 133<br \/>Pour les virements provenant de pays hors U.E, merci de rajouter 20 \u20ac de frais.<\/p><p>&#8211; Les catalogues sont exp\u00e9di\u00e9s en &#8220;Colissimo&#8221;<\/p><p>&#8211; Pour davantage d&#8217;informations, contactez:<\/p><p>C\u00c9R\u00c8S Philat\u00e9lie<br \/>23 rue du Louvre, 75001 PARIS <br \/>T\u00e9l. : 01 42 33 31 91 &#8211; Fax : 01 42 33 61 67<br \/>E-mail : <a href=\"mailto:infos@ceres-philatelie.com\">infos@ceres-philatelie.com<\/a><\/p>\t\t\t\t\t\t<\/div>\n\t\t\t\t<\/div>\n\t\t\t\t\t<\/div>\n\t\t<\/div>\n\t\t\t\t\t<\/div>\n\t\t<\/section>\n\t\t\t\t<\/div>\n\t\t","protected":false},"excerpt":{"rendered":"<p>&#8211; Les frais d&#8217;exp\u00e9dition comprennent port, assurance et emballage, \u00e0 ajouter au prix du catalogue pour :&#8211; France : 17 \u20ac&#8211; UE, Suisse : 28 \u20ac&#8211; DOM : 42 \u20ac&#8211; TOM : 60 \u20ac&#8211; Reste du monde : 75 \u20ac &#8211; Mode de r\u00e8glement : ch\u00e8que bancaire, ch\u00e8que postal.Pour les clients \u00e9trangers : Carte VISA [&hellip;]<\/p>\n","protected":false},"author":1,"featured_media":0,"parent":0,"menu_order":0,"comment_status":"closed","ping_status":"closed","template":"","meta":{"footnotes":""},"acf":[],"publishpress_future_action":{"enabled":false,"date":"2026-05-08 08:20:08","action":"change-status","newStatus":"draft","terms":[],"taxonomy":""},"_links":{"self":[{"href":"https:\/\/ceres.fr\/catalogues\/wp-json\/wp\/v2\/pages\/231"}],"collection":[{"href":"https:\/\/ceres.fr\/catalogues\/wp-json\/wp\/v2\/pages"}],"about":[{"href":"https:\/\/ceres.fr\/catalogues\/wp-json\/wp\/v2\/types\/page"}],"author":[{"embeddable":true,"href":"https:\/\/ceres.fr\/catalogues\/wp-json\/wp\/v2\/users\/1"}],"replies":[{"embeddable":true,"href":"https:\/\/ceres.fr\/catalogues\/wp-json\/wp\/v2\/comments?post=231"}],"version-history":[{"count":21,"href":"https:\/\/ceres.fr\/catalogues\/wp-json\/wp\/v2\/pages\/231\/revisions"}],"predecessor-version":[{"id":395,"href":"https:\/\/ceres.fr\/catalogues\/wp-json\/wp\/v2\/pages\/231\/revisions\/395"}],"wp:attachment":[{"href":"https:\/\/ceres.fr\/catalogues\/wp-json\/wp\/v2\/media?parent=231"}],"curies":[{"name":"wp","href":"https:\/\/api.w.org\/{rel}","templated":true}]}}